{"id":1011,"date":"2022-09-06T16:35:27","date_gmt":"2022-09-06T20:35:27","guid":{"rendered":"https:\/\/4real.ennery.ca\/?page_id=1011"},"modified":"2022-09-08T10:33:04","modified_gmt":"2022-09-08T14:33:04","slug":"sondage-day-dream","status":"publish","type":"page","link":"https:\/\/4real.ennery.ca\/en\/sondage-day-dream\/","title":{"rendered":"Sondage Day Dream"},"content":{"rendered":"<div data-elementor-type=\"wp-page\" data-elementor-id=\"1011\" class=\"elementor elementor-1011\" data-elementor-post-type=\"page\">\n\t\t\t\t\t\t<section class=\"elementor-section elementor-top-section elementor-element elementor-element-6b73060 elementor-section-boxed elementor-section-height-default elementor-section-height-default\" data-id=\"6b73060\" data-element_type=\"section\" data-e-type=\"section\">\r\n\t\t\t\t\t\t<div class=\"elementor-container elementor-column-gap-thegem\"><div class=\"elementor-row\">\r\n\t\t\t\t\t<div class=\"elementor-column elementor-col-100 elementor-top-column elementor-element elementor-element-7e84ef3\" data-id=\"7e84ef3\" data-element_type=\"column\" data-e-type=\"column\">\n\t\t\t<div class=\"elementor-widget-wrap elementor-element-populated\">\n\t\t\t\t\t\t<div class=\"elementor-element elementor-element-2d9036b flex-horizontal-align-default flex-horizontal-align-tablet-default flex-horizontal-align-mobile-default flex-vertical-align-default flex-vertical-align-tablet-default flex-vertical-align-mobile-default elementor-widget elementor-widget-template\" data-id=\"2d9036b\" data-element_type=\"widget\" data-e-type=\"widget\" data-widget_type=\"template.default\">\n\t\t\t\t<div class=\"elementor-widget-container\">\n\t\t\t\t\t\t\t<div class=\"elementor-template\">\n\t\t\t\t\t<div data-elementor-type=\"section\" data-elementor-id=\"46\" class=\"elementor elementor-46\" data-elementor-post-type=\"elementor_library\">\n\t\t\t\t\t<section class=\"elementor-section elementor-top-section elementor-element elementor-element-66f0201a elementor-section-boxed elementor-section-height-default elementor-section-height-default\" data-id=\"66f0201a\" data-element_type=\"section\" data-e-type=\"section\">\r\n\t\t\t\t\t\t<div class=\"elementor-container elementor-column-gap-thegem\"><div class=\"elementor-row\">\r\n\t\t\t\t\t<div class=\"elementor-column elementor-col-100 elementor-top-column elementor-element elementor-element-f45655a\" data-id=\"f45655a\" data-element_type=\"column\" data-e-type=\"column\">\n\t\t\t<div class=\"elementor-widget-wrap elementor-element-populated\">\n\t\t\t\t\t\t<div class=\"elementor-element elementor-element-681961c flex-horizontal-align-default flex-horizontal-align-tablet-default flex-horizontal-align-mobile-default flex-vertical-align-default flex-vertical-align-tablet-default flex-vertical-align-mobile-default elementor-invisible elementor-widget elementor-widget-thegem-styledbutton\" data-id=\"681961c\" data-element_type=\"widget\" data-e-type=\"widget\" data-settings=\"{&quot;thegem_button_skin&quot;:&quot;outline&quot;,&quot;_animation&quot;:&quot;rubberBand&quot;,&quot;add_icon&quot;:&quot;yes&quot;}\" data-widget_type=\"thegem-styledbutton.default\">\n\t\t\t\t<div class=\"elementor-widget-container\">\n\t\t\t\t\t\n<div class=\"gem-button-container gem-widget-button\">\n\n\t\t<a class=\"gem-button gem-button-size-medium gem-button-text-weight-bold gem-button-style-outline gem-button-border-3\" href=\"\/en\/tableau-de-bord\/\">\n\t\t<span class=\"gem-inner-wrapper-btn\">\n\t\t\t\t\t\t\t<span class=\"gem-button-icon\">\n\t\t\t\t\t<i aria-hidden=\"true\" class=\"far fa-newspaper\"><\/i>\t\t\t\t<\/span>\n\t\t\t\t\t\t<span class=\"gem-text-button\">\n\t\t\t\tTableau de bord\t\t\t<\/span>\n\t\t<\/span>\n\t<\/a>\n\n\t\n<\/div>\t\t\t\t<\/div>\n\t\t\t\t<\/div>\n\t\t\t\t\t<\/div>\n\t\t<\/div>\n\t\t\t\t\t<\/div><\/div>\r\n\t\t<\/section>\r\n\t\t\t\t<\/div>\n\t\t\t\t<\/div>\n\t\t\t\t\t\t<\/div>\n\t\t\t\t<\/div>\n\t\t\t\t<div class=\"elementor-element elementor-element-8c08f4a flex-horizontal-align-default flex-horizontal-align-tablet-default flex-horizontal-align-mobile-default flex-vertical-align-default flex-vertical-align-tablet-default flex-vertical-align-mobile-default elementor-widget elementor-widget-heading\" data-id=\"8c08f4a\" data-element_type=\"widget\" data-e-type=\"widget\" data-widget_type=\"heading.default\">\n\t\t\t\t<div class=\"elementor-widget-container\">\n\t\t\t\t\t<h3 class=\"elementor-heading-title elementor-size-default\">R\u00e9sultats du sondage Day Dream - 4 septembre 2022<\/h3>\t\t\t\t<\/div>\n\t\t\t\t<\/div>\n\t\t\t\t\t<\/div>\n\t\t<\/div>\n\t\t\t\t\t<\/div><\/div>\r\n\t\t<\/section>\r\n\t\t\t\t<section class=\"elementor-section elementor-top-section elementor-element elementor-element-d92325a elementor-section-boxed elementor-section-height-default elementor-section-height-default\" data-id=\"d92325a\" data-element_type=\"section\" data-e-type=\"section\">\r\n\t\t\t\t\t\t<div class=\"elementor-container elementor-column-gap-thegem\"><div class=\"elementor-row\">\r\n\t\t\t\t\t<div class=\"elementor-column elementor-col-100 elementor-top-column elementor-element elementor-element-eeee5f8\" data-id=\"eeee5f8\" data-element_type=\"column\" data-e-type=\"column\">\n\t\t\t<div class=\"elementor-widget-wrap elementor-element-populated\">\n\t\t\t\t\t\t<div class=\"elementor-element elementor-element-44ee297 flex-horizontal-align-default flex-horizontal-align-tablet-default flex-horizontal-align-mobile-default flex-vertical-align-default flex-vertical-align-tablet-default flex-vertical-align-mobile-default elementor-widget elementor-widget-shortcode\" data-id=\"44ee297\" data-element_type=\"widget\" data-e-type=\"widget\" data-widget_type=\"shortcode.default\">\n\t\t\t\t<div class=\"elementor-widget-container\">\n\t\t\t\t\t\t\t<div class=\"elementor-shortcode\"><div id=\"survey-results-268875692-1835589717\" class=\"survey-results\"><h3 class=\"survey_header\">Sur une \u00e9chelle de 1 \u00e0 5, quel est ton appr\u00e9ciation g\u00e9n\u00e9ral de la journ\u00e9e DayDream par 4Real Events?<\/h3><div class='question_rating_output'><span  data-tooltip=\"1\"><img class=\"rating_output\" src=\"https:\/\/4real.ennery.ca\/wp-content\/plugins\/modal_survey\/templates\/assets\/img\/star-icon.png\"><\/span><span  data-tooltip=\"2\"><img class=\"rating_output\" src=\"https:\/\/4real.ennery.ca\/wp-content\/plugins\/modal_survey\/templates\/assets\/img\/star-icon.png\"><\/span><span  data-tooltip=\"3\"><img class=\"rating_output\" src=\"https:\/\/4real.ennery.ca\/wp-content\/plugins\/modal_survey\/templates\/assets\/img\/star-icon.png\"><\/span><span  data-tooltip=\"4\"><img class=\"rating_output\" src=\"https:\/\/4real.ennery.ca\/wp-content\/plugins\/modal_survey\/templates\/assets\/img\/star-icon.png\"><\/span><span  data-tooltip=\"5\"><img class=\"rating_output\" src=\"https:\/\/4real.ennery.ca\/wp-content\/plugins\/modal_survey\/templates\/assets\/img\/star-icon-half.png\"><\/span><span class='ms_ratingvalue'>4.18 \/ 11 votes<\/span><\/div><h3 class=\"survey_header\">Selon toi, le prix \u00e9tait-il convenable?<\/h3><div class=\"process\"><p><strong >Non<\/strong> <span class=\"process_text\"><\/span> <span class=\"badge badge-info right\">0 \/ 11<\/span><\/p> <input type=\"hidden\" class=\"hiddenperc\" value=\"0.00\" \/><div class=\"progress progress-info progress-striped\"><div class=\"bar survey_global_percent\" style=\"background-color:;color:;\">0.00%<\/div><\/div><\/div><div class=\"process\"><p><strong >Oui<\/strong> <span class=\"process_text\"><\/span> <span class=\"badge badge-info right\">11 \/ 11<\/span><\/p> <input type=\"hidden\" class=\"hiddenperc\" value=\"100.00\" \/><div class=\"progress progress-info progress-striped\"><div class=\"bar survey_global_percent\" style=\"background-color:;color:;\">100.00%<\/div><\/div><\/div><h3 class=\"survey_header\">Sur une \u00e9chelle de 1 \u00e0 5, quel est ton appr\u00e9ciation de la musique?<\/h3><div class='question_rating_output'><span  data-tooltip=\"1\"><img class=\"rating_output\" src=\"https:\/\/4real.ennery.ca\/wp-content\/plugins\/modal_survey\/templates\/assets\/img\/star-icon.png\"><\/span><span  data-tooltip=\"2\"><img class=\"rating_output\" src=\"https:\/\/4real.ennery.ca\/wp-content\/plugins\/modal_survey\/templates\/assets\/img\/star-icon.png\"><\/span><span  data-tooltip=\"3\"><img class=\"rating_output\" src=\"https:\/\/4real.ennery.ca\/wp-content\/plugins\/modal_survey\/templates\/assets\/img\/star-icon.png\"><\/span><span  data-tooltip=\"4\"><img class=\"rating_output\" src=\"https:\/\/4real.ennery.ca\/wp-content\/plugins\/modal_survey\/templates\/assets\/img\/star-icon.png\"><\/span><span  data-tooltip=\"5\"><img class=\"rating_output\" src=\"https:\/\/4real.ennery.ca\/wp-content\/plugins\/modal_survey\/templates\/assets\/img\/star-icon-empty.png\"><\/span><span class='ms_ratingvalue'>4.00 \/ 11 votes<\/span><\/div><h3 class=\"survey_header\">As-tu aim\u00e9 l'emplacement (Houston Avenue Bar & Grill)?<\/h3><div class=\"process\"><p><strong >Non<\/strong> <span class=\"process_text\"><\/span> <span class=\"badge badge-info right\">0 \/ 11<\/span><\/p> <input type=\"hidden\" class=\"hiddenperc\" value=\"0.00\" \/><div class=\"progress progress-info progress-striped\"><div class=\"bar survey_global_percent\" style=\"background-color:;color:;\">0.00%<\/div><\/div><\/div><div class=\"process\"><p><strong >Oui<\/strong> <span class=\"process_text\"><\/span> <span class=\"badge badge-info right\">11 \/ 11<\/span><\/p> <input type=\"hidden\" class=\"hiddenperc\" value=\"100.00\" \/><div class=\"progress progress-info progress-striped\"><div class=\"bar survey_global_percent\" style=\"background-color:;color:;\">100.00%<\/div><\/div><\/div><h3 class=\"survey_header\">Sur une \u00e9chelle de 1 \u00e0 5, comment fut l'exp\u00e9rience de l'achat de billets (5 \u00e9tant facile, 1 difficile)?<\/h3><div class='question_rating_output'><span  data-tooltip=\"1\"><img class=\"rating_output\" src=\"https:\/\/4real.ennery.ca\/wp-content\/plugins\/modal_survey\/templates\/assets\/img\/star-icon.png\"><\/span><span  data-tooltip=\"2\"><img class=\"rating_output\" src=\"https:\/\/4real.ennery.ca\/wp-content\/plugins\/modal_survey\/templates\/assets\/img\/star-icon.png\"><\/span><span  data-tooltip=\"3\"><img class=\"rating_output\" src=\"https:\/\/4real.ennery.ca\/wp-content\/plugins\/modal_survey\/templates\/assets\/img\/star-icon.png\"><\/span><span  data-tooltip=\"4\"><img class=\"rating_output\" src=\"https:\/\/4real.ennery.ca\/wp-content\/plugins\/modal_survey\/templates\/assets\/img\/star-icon.png\"><\/span><span  data-tooltip=\"5\"><img class=\"rating_output\" src=\"https:\/\/4real.ennery.ca\/wp-content\/plugins\/modal_survey\/templates\/assets\/img\/star-icon.png\"><\/span><span class='ms_ratingvalue'>4.55 \/ 11 votes<\/span><\/div><h3 class=\"survey_header\">Sur une \u00e9chelle de 1 \u00e0 5, comment as-tu aim\u00e9 l'ambiance?<\/h3><div class='question_rating_output'><span  data-tooltip=\"1\"><img class=\"rating_output\" src=\"https:\/\/4real.ennery.ca\/wp-content\/plugins\/modal_survey\/templates\/assets\/img\/star-icon.png\"><\/span><span  data-tooltip=\"2\"><img class=\"rating_output\" src=\"https:\/\/4real.ennery.ca\/wp-content\/plugins\/modal_survey\/templates\/assets\/img\/star-icon.png\"><\/span><span  data-tooltip=\"3\"><img class=\"rating_output\" src=\"https:\/\/4real.ennery.ca\/wp-content\/plugins\/modal_survey\/templates\/assets\/img\/star-icon.png\"><\/span><span  data-tooltip=\"4\"><img class=\"rating_output\" src=\"https:\/\/4real.ennery.ca\/wp-content\/plugins\/modal_survey\/templates\/assets\/img\/star-icon.png\"><\/span><span  data-tooltip=\"5\"><img class=\"rating_output\" src=\"https:\/\/4real.ennery.ca\/wp-content\/plugins\/modal_survey\/templates\/assets\/img\/star-icon-half.png\"><\/span><span class='ms_ratingvalue'>4.36 \/ 11 votes<\/span><\/div><h3 class=\"survey_header\">Sur une \u00e9chelle de 1 \u00e0 5, comment as-tu appr\u00e9ci\u00e9 l'organisation de l'\u00e9v\u00e9nement de DayDream?<\/h3><div class='question_rating_output'><span  data-tooltip=\"1\"><img class=\"rating_output\" src=\"https:\/\/4real.ennery.ca\/wp-content\/plugins\/modal_survey\/templates\/assets\/img\/star-icon.png\"><\/span><span  data-tooltip=\"2\"><img class=\"rating_output\" src=\"https:\/\/4real.ennery.ca\/wp-content\/plugins\/modal_survey\/templates\/assets\/img\/star-icon.png\"><\/span><span  data-tooltip=\"3\"><img class=\"rating_output\" src=\"https:\/\/4real.ennery.ca\/wp-content\/plugins\/modal_survey\/templates\/assets\/img\/star-icon.png\"><\/span><span  data-tooltip=\"4\"><img class=\"rating_output\" src=\"https:\/\/4real.ennery.ca\/wp-content\/plugins\/modal_survey\/templates\/assets\/img\/star-icon.png\"><\/span><span  data-tooltip=\"5\"><img class=\"rating_output\" src=\"https:\/\/4real.ennery.ca\/wp-content\/plugins\/modal_survey\/templates\/assets\/img\/star-icon.png\"><\/span><span class='ms_ratingvalue'>4.73 \/ 11 votes<\/span><\/div><h3 class=\"survey_header\">Sur une \u00e9chelle de 1 \u00e0 5, comment juges-tu la s\u00e9curit\u00e9 de cette journ\u00e9e?<\/h3><div class='question_rating_output'><span  data-tooltip=\"1\"><img class=\"rating_output\" src=\"https:\/\/4real.ennery.ca\/wp-content\/plugins\/modal_survey\/templates\/assets\/img\/star-icon.png\"><\/span><span  data-tooltip=\"2\"><img class=\"rating_output\" src=\"https:\/\/4real.ennery.ca\/wp-content\/plugins\/modal_survey\/templates\/assets\/img\/star-icon.png\"><\/span><span  data-tooltip=\"3\"><img class=\"rating_output\" src=\"https:\/\/4real.ennery.ca\/wp-content\/plugins\/modal_survey\/templates\/assets\/img\/star-icon.png\"><\/span><span  data-tooltip=\"4\"><img class=\"rating_output\" src=\"https:\/\/4real.ennery.ca\/wp-content\/plugins\/modal_survey\/templates\/assets\/img\/star-icon.png\"><\/span><span  data-tooltip=\"5\"><img class=\"rating_output\" src=\"https:\/\/4real.ennery.ca\/wp-content\/plugins\/modal_survey\/templates\/assets\/img\/star-icon-half.png\"><\/span><span class='ms_ratingvalue'>4.45 \/ 11 votes<\/span><\/div><h3 class=\"survey_header\">Le service de l'endroit etait-il ad\u00e9quat?<\/h3><div class='question_rating_output'><span  data-tooltip=\"1\"><img class=\"rating_output\" src=\"https:\/\/4real.ennery.ca\/wp-content\/plugins\/modal_survey\/templates\/assets\/img\/star-icon.png\"><\/span><span  data-tooltip=\"2\"><img class=\"rating_output\" src=\"https:\/\/4real.ennery.ca\/wp-content\/plugins\/modal_survey\/templates\/assets\/img\/star-icon.png\"><\/span><span  data-tooltip=\"3\"><img class=\"rating_output\" src=\"https:\/\/4real.ennery.ca\/wp-content\/plugins\/modal_survey\/templates\/assets\/img\/star-icon.png\"><\/span><span  data-tooltip=\"4\"><img class=\"rating_output\" src=\"https:\/\/4real.ennery.ca\/wp-content\/plugins\/modal_survey\/templates\/assets\/img\/star-icon.png\"><\/span><span  data-tooltip=\"5\"><img class=\"rating_output\" src=\"https:\/\/4real.ennery.ca\/wp-content\/plugins\/modal_survey\/templates\/assets\/img\/star-icon.png\"><\/span><span class='ms_ratingvalue'>4.55 \/ 11 votes<\/span><\/div><h3 class=\"survey_header\">As-tu des commentaires que tu aimerais partager avec l'organisateur (4Real Events)?<\/h3><div class=\"process\"><p><strong >Non<\/strong> <span class=\"process_text\"><\/span> <span class=\"badge badge-info right\">5 \/ 10<\/span><\/p> <input type=\"hidden\" class=\"hiddenperc\" value=\"50.00\" \/><div class=\"progress progress-info progress-striped\"><div class=\"bar survey_global_percent\" style=\"background-color:;color:;\">50.00%<\/div><\/div><\/div><div class=\"process\"><p><strong >Other<\/strong> <span class=\"process_text\"><\/span> <span class=\"badge badge-info right\">5 \/ 10<\/span><\/p> <input type=\"hidden\" class=\"hiddenperc\" value=\"50.00\" \/><div class=\"progress progress-info progress-striped\"><div class=\"bar survey_global_percent\" style=\"background-color:;color:;\">50.00%<\/div><\/div><\/div><\/div><\/div>\n\t\t\t\t\t\t<\/div>\n\t\t\t\t<\/div>\n\t\t\t\t<div class=\"elementor-element elementor-element-ab2dd39 elementor-icon-list--layout-traditional elementor-list-item-link-full_width flex-horizontal-align-default flex-horizontal-align-tablet-default flex-horizontal-align-mobile-default flex-vertical-align-default flex-vertical-align-tablet-default flex-vertical-align-mobile-default elementor-invisible elementor-widget elementor-widget-icon-list\" data-id=\"ab2dd39\" data-element_type=\"widget\" data-e-type=\"widget\" data-settings=\"{&quot;_animation&quot;:&quot;fadeInRight&quot;}\" data-widget_type=\"icon-list.default\">\n\t\t\t\t<div class=\"elementor-widget-container\">\n\t\t\t\t\t\t\t<ul class=\"elementor-icon-list-items\">\n\t\t\t\t\t\t\t<li class=\"elementor-icon-list-item\">\n\t\t\t\t\t\t\t\t\t\t\t<span class=\"elementor-icon-list-icon\">\n\t\t\t\t\t\t\t<i aria-hidden=\"true\" class=\"fas fa-check\"><\/i>\t\t\t\t\t\t<\/span>\n\t\t\t\t\t\t\t\t\t\t<span class=\"elementor-icon-list-text\">Merci pour l\u2019\u00e9v\u00e8nement! J\u2019ai eu beaucoup de plaisir! C\u2019\u00e9tait parfait, je ne manquerais pas un \u00e9v\u00e8nement \ud83d\ude42<\/span>\n\t\t\t\t\t\t\t\t\t<\/li>\n\t\t\t\t\t\t\t\t<li class=\"elementor-icon-list-item\">\n\t\t\t\t\t\t\t\t\t\t\t<span class=\"elementor-icon-list-icon\">\n\t\t\t\t\t\t\t<i aria-hidden=\"true\" class=\"fas fa-check\"><\/i>\t\t\t\t\t\t<\/span>\n\t\t\t\t\t\t\t\t\t\t<span class=\"elementor-icon-list-text\">Suggestion: permettre un temps au d\u00e9but de la soir\u00e9e o\u00f9 la musique est moins forte pour permettre la conversation pendant le repas. Mais le Houston \u00e9tait g\u00e9nial pour cela car a l'int\u00e9rieur dans le fond c'\u00e9tait plus calme.<\/span>\n\t\t\t\t\t\t\t\t\t<\/li>\n\t\t\t\t\t\t\t\t<li class=\"elementor-icon-list-item\">\n\t\t\t\t\t\t\t\t\t\t\t<span class=\"elementor-icon-list-icon\">\n\t\t\t\t\t\t\t<i aria-hidden=\"true\" class=\"fas fa-check\"><\/i>\t\t\t\t\t\t<\/span>\n\t\t\t\t\t\t\t\t\t\t<span class=\"elementor-icon-list-text\">Super musique Dj Edge was the best so far, mention pour le staff aussi ! Belle soir\u00e9e<\/span>\n\t\t\t\t\t\t\t\t\t<\/li>\n\t\t\t\t\t\t\t\t<li class=\"elementor-icon-list-item\">\n\t\t\t\t\t\t\t\t\t\t\t<span class=\"elementor-icon-list-icon\">\n\t\t\t\t\t\t\t<i aria-hidden=\"true\" class=\"fas fa-check\"><\/i>\t\t\t\t\t\t<\/span>\n\t\t\t\t\t\t\t\t\t\t<span class=\"elementor-icon-list-text\">Que les dj s'ajustent dans leurs transitions de musique<\/span>\n\t\t\t\t\t\t\t\t\t<\/li>\n\t\t\t\t\t\t<\/ul>\n\t\t\t\t\t\t<\/div>\n\t\t\t\t<\/div>\n\t\t\t\t\t<\/div>\n\t\t<\/div>\n\t\t\t\t\t<\/div><\/div>\r\n\t\t<\/section>\r\n\t\t\t\t<\/div>","protected":false},"excerpt":{"rendered":"<p>R\u00e9sultats du sondage Day Dream &#8211; 4 septembre 2022 Merci pour l\u2019\u00e9v\u00e8nement! J\u2019ai eu beaucoup de plaisir! C\u2019\u00e9tait parfait, je&#8230;<\/p>","protected":false},"author":1,"featured_media":0,"parent":0,"menu_order":0,"comment_status":"closed","ping_status":"closed","template":"page-fullwidth.php","meta":{"_acf_changed":false,"footnotes":""},"class_list":["post-1011","page","type-page","status-publish"],"acf":[],"_links":{"self":[{"href":"https:\/\/4real.ennery.ca\/en\/wp-json\/wp\/v2\/pages\/1011","targetHints":{"allow":["GET"]}}],"collection":[{"href":"https:\/\/4real.ennery.ca\/en\/wp-json\/wp\/v2\/pages"}],"about":[{"href":"https:\/\/4real.ennery.ca\/en\/wp-json\/wp\/v2\/types\/page"}],"author":[{"embeddable":true,"href":"https:\/\/4real.ennery.ca\/en\/wp-json\/wp\/v2\/users\/1"}],"replies":[{"embeddable":true,"href":"https:\/\/4real.ennery.ca\/en\/wp-json\/wp\/v2\/comments?post=1011"}],"version-history":[{"count":69,"href":"https:\/\/4real.ennery.ca\/en\/wp-json\/wp\/v2\/pages\/1011\/revisions"}],"predecessor-version":[{"id":1087,"href":"https:\/\/4real.ennery.ca\/en\/wp-json\/wp\/v2\/pages\/1011\/revisions\/1087"}],"wp:attachment":[{"href":"https:\/\/4real.ennery.ca\/en\/wp-json\/wp\/v2\/media?parent=1011"}],"curies":[{"name":"wp","href":"https:\/\/api.w.org\/{rel}","templated":true}]}}